{"id":499,"date":"2022-01-10T09:09:18","date_gmt":"2022-01-10T08:09:18","guid":{"rendered":"https:\/\/saik.milleniumhost.pl\/kontakt-handlowy\/"},"modified":"2026-02-26T12:00:47","modified_gmt":"2026-02-26T11:00:47","slug":"contact","status":"publish","type":"page","link":"https:\/\/saik.pl\/en\/contact\/","title":{"rendered":"Contact"},"content":{"rendered":"<div class=\"container\">\n    <div class=\"row\">\n        <div class=\"col-12\">\n        \n\n<h1 class=\"wp-block-heading has-vivid-red-color has-text-color\"><\/h1>\n\n\n\n<div style=\"height:50px\" aria-hidden=\"true\" class=\"wp-block-spacer\"><\/div>\n\n\n\n<div class=\"wp-block-columns is-layout-flex wp-container-core-columns-is-layout-9d6595d7 wp-block-columns-is-layout-flex\">\n<div class=\"wp-block-column is-layout-flow wp-block-column-is-layout-flow\">\n<h3 class=\"wp-block-heading\">Adress<\/h3>\n\n\n\n<p><br><\/p>\n\n\n\n<figure class=\"wp-block-image size-full is-resized\"><a href=\"https:\/\/bte.pl\/\" target=\"_blank\" rel=\" noreferrer noopener\"><img loading=\"lazy\" decoding=\"async\" width=\"165\" height=\"130\" src=\"https:\/\/saik.pl\/wp-content\/uploads\/2022\/11\/logoBTE.png\" alt=\"\" class=\"wp-image-797\" style=\"width:115px;height:91px\"\/><\/a><\/figure>\n\n\n\n<p><br><strong>BT Electronics sp. z&nbsp;o.o.<\/strong><br>ul. Rybitwy 22, 30-722 Krak\u00f3w<br>POLAND, <a href=\"https:\/\/www.google.com\/maps\/place\/9G2222QG%2BGQ\/\">22QG+GQ<\/a><\/p>\n\n\n\n<p><strong>Company website<\/strong>: <a href=\"https:\/\/www.bte.pl\/\" target=\"_blank\" rel=\"noreferrer noopener\">www.bte.pl<\/a><\/p>\n\n\n\n<p><strong>Tel.:<\/strong><a href=\"tel:(+48) 12 410 20 33\">(+48) 12 410 20 33<\/a> <br><strong>Fax:<\/strong><a href=\"tel:(+48) 12 410 85 11\">(+48) 12 410 85 11<\/a> <br><strong>Mail:<\/strong><a href=\"mailto:bte@bte.pl\"> bte@bte.pl<\/a><\/p>\n\n\n\n<p><strong>NIP:<\/strong> 676-20-72-461 <br><strong>REGON:<\/strong> 351530720 <br><strong>KRS:<\/strong> 0000252492<\/p>\n\n\n\n<p>Company registered in the District Court for Krak\u00f3w-\u015ar\u00f3dmie\u015bcie, 11th Commercial Division of the National Court Register, share capital: PLN 1,000,000<\/p>\n<\/div>\n\n\n\n<div class=\"wp-block-column is-layout-flow wp-block-column-is-layout-flow\">\n<h3 class=\"wp-block-heading\">Sales departament<\/h3>\n\n\n\n<p><br><\/p>\n\n\n\n<p class=\"worker\"><strong>Rafa\u0142 Kondak<\/strong><\/p>\n\n\n\n<p style=\"font-size:14px\">Sales Department Manager<\/p>\n\n\n\n<p><strong>Tel.:<\/strong> <a href=\"tel:(+48) 12 410 20 33\">+48 12 410 20 33<\/a> <br><strong>Fax:<\/strong> <a href=\"tel:(+48) 12 410 85 11\">+48 12 410 85 11<\/a> <br><strong>Mail:<\/strong><a href=\"mailto:bte@bte.pl\">bte@bte.pl<\/a><\/p>\n\n\n\n<p class=\"worker\"><br><strong>Marcin Drzewicki<\/strong><\/p>\n\n\n\n<p style=\"font-size:14px\">Sales Specialist \/ Export Specialist<\/p>\n\n\n\n<p><strong>Tel:\u00a0<\/strong><a href=\"tel:(+48) 12 410 85 10\">+48 12 410 85 10<\/a> <br><strong>Tel:<\/strong> <a href=\"tel:(+48) 607 825 409\">+48 607 825 409<\/a> <br><strong>Mail: <\/strong><a href=\"mailto:marcin.drzewicki@bte.pl\">marcin.drzewicki@bte.pl<\/a><\/p>\n\n\n\n<p><\/p>\n\n\n\n<p class=\"worker\"><br><strong>Dawid Czaja<\/strong><\/p>\n\n\n\n<p style=\"font-size:14px\">Sales Specialist<\/p>\n\n\n\n<p><strong>Tel:\u00a0<\/strong><a href=\"tel:(+48) 12 410 85 10\">+48 12 410 85 10<\/a><br><strong>Kom:<\/strong> <a href=\"tel:(+48) 697 460 183\">+48 697 460 183<\/a><br><strong>Mail:<\/strong><a href=\"mailto:%20dawid.czaja@bte.pl\">\u00a0\u00a0dawid.czaja@bte.pl<\/a><br><strong>Skype: <\/strong>btelectronicspoland<\/p>\n\n\n\n<p><\/p>\n\n\n\n<p><strong>Miko\u0142aj Kowal<\/strong><\/p>\n\n\n\n<p>Sales Specialist<\/p>\n\n\n\n<p><strong>Tel:\u00a0<\/strong><a href=\"tel:(+48) 12 410 85 10\">+48 12 410 85 10<\/a><br><strong>Tel:<\/strong> <a href=\"tel:+48889050119\">+48 889 050 119<\/a><br><strong>e-mail:<\/strong><a href=\"mailto:mikolaj.kowal@bte.pl\">\u00a0\u00a0mikolaj.kowal@bte.pl<\/a><br><\/p>\n<\/div>\n\n\n\n<div class=\"wp-block-column is-layout-flow wp-block-column-is-layout-flow\">\n<h3 class=\"wp-block-heading\">Service<\/h3>\n\n\n\n<p><br><\/p>\n\n\n\n<p><strong>Kom: <\/strong><a href=\"tel:(+48) 607 460 289\">+48 607 460 289<\/a> <br><strong>Mail: <\/strong><a href=\"mailto:serwis@saik.pl\">serwis@saik.pl<\/a><\/p>\n\n\n\n<p><br><\/p>\n\n\n\n<h3 class=\"wp-block-heading\">Instalations<\/h3>\n\n\n\n<p><br><\/p>\n\n\n\n<p>Installations and deployments<\/p>\n\n\n\n<p><strong>Tel 1: <\/strong><a href=\"tel:(+48) 668 126 790\">+48 668 126 790<\/a> <br><strong>Tel 2: <\/strong><a href=\"tel:(+48) 882 364 807\">+48 882 364 807<\/a> <br><strong>Mail: <\/strong><a href=\"mailto:instalacje@bte.pl\">instalacje@bte.pl<\/a><\/p>\n\n\n\n<p> <br> <\/p>\n\n\n\n<h3 class=\"wp-block-heading has-vivid-red-color has-text-color has-link-color wp-elements-255f9402c585e00bba6128dbf19aa4d7\">For partnetrs<\/h3>\n\n\n\n<div class=\"wp-block-buttons is-layout-flex wp-block-buttons-is-layout-flex\">\n<div class=\"wp-block-button\"><a class=\"wp-block-button__link has-vivid-red-background-color has-background wp-element-button\" href=\"https:\/\/saik.pl\/partners\/\" style=\"border-radius:0px\"><strong>LOGIN<\/strong> \u2192<\/a><\/div>\n<\/div>\n<\/div>\n<\/div>\n\n\n\n<div style=\"height:50px\" aria-hidden=\"true\" class=\"wp-block-spacer\"><\/div>\n\n\n\n<p class=\"has-text-align-center\" style=\"font-size:20px\"><em>Please contact us by email or phone. We provide devices for the secure, fully supervised safekeeping of not only keys but also all important items. We also support the design of custom, dedicated devices, and our own design and construction department is available for non-standard solutions.<\/em><br><br>Tel:\u00a0<a href=\"tel:+48124102033\">+48 12 410 20 33<\/a>\u00a0or please use the form below<\/p>\n\n\n\n<p class=\"has-text-align-center\"><img decoding=\"async\" class=\"wp-image-2644\" style=\"width: 800px;\" src=\"https:\/\/saik.pl\/wp-content\/uploads\/2022\/12\/saik-keybox-1.jpg\" alt=\"\"><\/p>\n\n\n\n<div style=\"height:100px\" aria-hidden=\"true\" class=\"wp-block-spacer\"><\/div>\n\n\n\n<h3 class=\"wp-block-heading has-black-color has-text-color\">The largest SHOWROOM of SAIK in Poland, entirely dedicated to cabinets for keys, weapons and items. In one place, we have gathered various types of depositors, the operation and functions of which you can check yourself.<\/h3>\n\n\n\n<p class=\"has-vivid-red-color has-text-color has-medium-font-size\"><em><strong>We invite you to Krakow for coffee at any time<\/strong> (please contact us at least one day in advance).<\/em><\/p>\n\n\n\n<div style=\"height:50px\" aria-hidden=\"true\" class=\"wp-block-spacer\"><\/div>\n\n\n\n<figure class=\"wp-block-gallery has-nested-images columns-4 is-cropped wp-block-gallery-1 is-layout-flex wp-block-gallery-is-layout-flex\">\n<figure class=\"wp-block-image size-large\"><a href=\"https:\/\/saik.pl\/wp-content\/uploads\/2023\/06\/20230612_122017-2.jpg\"><img loading=\"lazy\" decoding=\"async\" width=\"1024\" height=\"768\" data-id=\"4516\" src=\"https:\/\/saik.pl\/wp-content\/uploads\/2023\/06\/20230612_122017-2-1024x768.jpg\" alt=\"\" class=\"wp-image-4516\" srcset=\"https:\/\/saik.pl\/wp-content\/uploads\/2023\/06\/20230612_122017-2-1024x768.jpg 1024w, https:\/\/saik.pl\/wp-content\/uploads\/2023\/06\/20230612_122017-2-300x225.jpg 300w, https:\/\/saik.pl\/wp-content\/uploads\/2023\/06\/20230612_122017-2-768x576.jpg 768w, https:\/\/saik.pl\/wp-content\/uploads\/2023\/06\/20230612_122017-2-1536x1152.jpg 1536w, https:\/\/saik.pl\/wp-content\/uploads\/2023\/06\/20230612_122017-2.jpg 2000w\" sizes=\"auto, (max-width: 1024px) 100vw, 1024px\" \/><\/a><\/figure>\n<\/figure>\n\n\n        <\/div>\n    <\/div>\n<\/div>","protected":false},"excerpt":{"rendered":"","protected":false},"author":7,"featured_media":0,"parent":0,"menu_order":0,"comment_status":"closed","ping_status":"closed","template":"page-contact.php","meta":{"_acf_changed":false,"footnotes":""},"class_list":["post-499","page","type-page","status-publish","hentry"],"acf":[],"yoast_head":"<!-- This site is optimized with the Yoast SEO plugin v27.3 - https:\/\/yoast.com\/product\/yoast-seo-wordpress\/ -->\n<title>Contact &#8211; SAIK<\/title>\n<meta name=\"robots\" content=\"index, follow, max-snippet:-1, max-image-preview:large, max-video-preview:-1\" \/>\n<link rel=\"canonical\" href=\"https:\/\/saik.pl\/en\/contact\/\" \/>\n<meta property=\"og:locale\" content=\"en_US\" \/>\n<meta property=\"og:type\" content=\"article\" \/>\n<meta property=\"og:title\" content=\"Contact &#8211; SAIK\" \/>\n<meta property=\"og:url\" content=\"https:\/\/saik.pl\/en\/contact\/\" \/>\n<meta property=\"og:site_name\" content=\"SAIK\" \/>\n<meta property=\"article:modified_time\" content=\"2026-02-26T11:00:47+00:00\" \/>\n<meta property=\"og:image\" content=\"https:\/\/saik.pl\/wp-content\/uploads\/2022\/11\/logoBTE.png\" \/>\n\t<meta property=\"og:image:width\" content=\"165\" \/>\n\t<meta property=\"og:image:height\" content=\"130\" \/>\n\t<meta property=\"og:image:type\" content=\"image\/png\" \/>\n<meta name=\"twitter:card\" content=\"summary_large_image\" \/>\n<meta name=\"twitter:label1\" content=\"Est. reading time\" \/>\n\t<meta name=\"twitter:data1\" content=\"6 minutes\" \/>\n<script type=\"application\/ld+json\" class=\"yoast-schema-graph\">{\"@context\":\"https:\\\/\\\/schema.org\",\"@graph\":[{\"@type\":\"WebPage\",\"@id\":\"https:\\\/\\\/saik.pl\\\/en\\\/contact\\\/\",\"url\":\"https:\\\/\\\/saik.pl\\\/en\\\/contact\\\/\",\"name\":\"Contact &#8211; SAIK\",\"isPartOf\":{\"@id\":\"https:\\\/\\\/saik.pl\\\/#website\"},\"primaryImageOfPage\":{\"@id\":\"https:\\\/\\\/saik.pl\\\/en\\\/contact\\\/#primaryimage\"},\"image\":{\"@id\":\"https:\\\/\\\/saik.pl\\\/en\\\/contact\\\/#primaryimage\"},\"thumbnailUrl\":\"https:\\\/\\\/saik.pl\\\/wp-content\\\/uploads\\\/2022\\\/11\\\/logoBTE.png\",\"datePublished\":\"2022-01-10T08:09:18+00:00\",\"dateModified\":\"2026-02-26T11:00:47+00:00\",\"breadcrumb\":{\"@id\":\"https:\\\/\\\/saik.pl\\\/en\\\/contact\\\/#breadcrumb\"},\"inLanguage\":\"en-US\",\"potentialAction\":[{\"@type\":\"ReadAction\",\"target\":[\"https:\\\/\\\/saik.pl\\\/en\\\/contact\\\/\"]}]},{\"@type\":\"ImageObject\",\"inLanguage\":\"en-US\",\"@id\":\"https:\\\/\\\/saik.pl\\\/en\\\/contact\\\/#primaryimage\",\"url\":\"https:\\\/\\\/saik.pl\\\/wp-content\\\/uploads\\\/2022\\\/11\\\/logoBTE.png\",\"contentUrl\":\"https:\\\/\\\/saik.pl\\\/wp-content\\\/uploads\\\/2022\\\/11\\\/logoBTE.png\"},{\"@type\":\"BreadcrumbList\",\"@id\":\"https:\\\/\\\/saik.pl\\\/en\\\/contact\\\/#breadcrumb\",\"itemListElement\":[{\"@type\":\"ListItem\",\"position\":1,\"name\":\"Strona g\u0142\u00f3wna\",\"item\":\"https:\\\/\\\/saik.pl\\\/en\\\/\"},{\"@type\":\"ListItem\",\"position\":2,\"name\":\"Contact\"}]},{\"@type\":\"WebSite\",\"@id\":\"https:\\\/\\\/saik.pl\\\/#website\",\"url\":\"https:\\\/\\\/saik.pl\\\/\",\"name\":\"SAIK\",\"description\":\"ystem Automatycznej Identyfikacji Kluczy\",\"publisher\":{\"@id\":\"https:\\\/\\\/saik.pl\\\/#organization\"},\"potentialAction\":[{\"@type\":\"SearchAction\",\"target\":{\"@type\":\"EntryPoint\",\"urlTemplate\":\"https:\\\/\\\/saik.pl\\\/?s={search_term_string}\"},\"query-input\":{\"@type\":\"PropertyValueSpecification\",\"valueRequired\":true,\"valueName\":\"search_term_string\"}}],\"inLanguage\":\"en-US\"},{\"@type\":\"Organization\",\"@id\":\"https:\\\/\\\/saik.pl\\\/#organization\",\"name\":\"SAIK\",\"url\":\"https:\\\/\\\/saik.pl\\\/\",\"logo\":{\"@type\":\"ImageObject\",\"inLanguage\":\"en-US\",\"@id\":\"https:\\\/\\\/saik.pl\\\/#\\\/schema\\\/logo\\\/image\\\/\",\"url\":\"https:\\\/\\\/saik.pl\\\/wp-content\\\/uploads\\\/2022\\\/01\\\/logo-2.png\",\"contentUrl\":\"https:\\\/\\\/saik.pl\\\/wp-content\\\/uploads\\\/2022\\\/01\\\/logo-2.png\",\"width\":193,\"height\":50,\"caption\":\"SAIK\"},\"image\":{\"@id\":\"https:\\\/\\\/saik.pl\\\/#\\\/schema\\\/logo\\\/image\\\/\"}}]}<\/script>\n<!-- \/ Yoast SEO plugin. -->","yoast_head_json":{"title":"Contact &#8211; SAIK","robots":{"index":"index","follow":"follow","max-snippet":"max-snippet:-1","max-image-preview":"max-image-preview:large","max-video-preview":"max-video-preview:-1"},"canonical":"https:\/\/saik.pl\/en\/contact\/","og_locale":"en_US","og_type":"article","og_title":"Contact &#8211; SAIK","og_url":"https:\/\/saik.pl\/en\/contact\/","og_site_name":"SAIK","article_modified_time":"2026-02-26T11:00:47+00:00","og_image":[{"width":165,"height":130,"url":"https:\/\/saik.pl\/wp-content\/uploads\/2022\/11\/logoBTE.png","type":"image\/png"}],"twitter_card":"summary_large_image","twitter_misc":{"Est. reading time":"6 minutes"},"schema":{"@context":"https:\/\/schema.org","@graph":[{"@type":"WebPage","@id":"https:\/\/saik.pl\/en\/contact\/","url":"https:\/\/saik.pl\/en\/contact\/","name":"Contact &#8211; SAIK","isPartOf":{"@id":"https:\/\/saik.pl\/#website"},"primaryImageOfPage":{"@id":"https:\/\/saik.pl\/en\/contact\/#primaryimage"},"image":{"@id":"https:\/\/saik.pl\/en\/contact\/#primaryimage"},"thumbnailUrl":"https:\/\/saik.pl\/wp-content\/uploads\/2022\/11\/logoBTE.png","datePublished":"2022-01-10T08:09:18+00:00","dateModified":"2026-02-26T11:00:47+00:00","breadcrumb":{"@id":"https:\/\/saik.pl\/en\/contact\/#breadcrumb"},"inLanguage":"en-US","potentialAction":[{"@type":"ReadAction","target":["https:\/\/saik.pl\/en\/contact\/"]}]},{"@type":"ImageObject","inLanguage":"en-US","@id":"https:\/\/saik.pl\/en\/contact\/#primaryimage","url":"https:\/\/saik.pl\/wp-content\/uploads\/2022\/11\/logoBTE.png","contentUrl":"https:\/\/saik.pl\/wp-content\/uploads\/2022\/11\/logoBTE.png"},{"@type":"BreadcrumbList","@id":"https:\/\/saik.pl\/en\/contact\/#breadcrumb","itemListElement":[{"@type":"ListItem","position":1,"name":"Strona g\u0142\u00f3wna","item":"https:\/\/saik.pl\/en\/"},{"@type":"ListItem","position":2,"name":"Contact"}]},{"@type":"WebSite","@id":"https:\/\/saik.pl\/#website","url":"https:\/\/saik.pl\/","name":"SAIK","description":"ystem Automatycznej Identyfikacji Kluczy","publisher":{"@id":"https:\/\/saik.pl\/#organization"},"potentialAction":[{"@type":"SearchAction","target":{"@type":"EntryPoint","urlTemplate":"https:\/\/saik.pl\/?s={search_term_string}"},"query-input":{"@type":"PropertyValueSpecification","valueRequired":true,"valueName":"search_term_string"}}],"inLanguage":"en-US"},{"@type":"Organization","@id":"https:\/\/saik.pl\/#organization","name":"SAIK","url":"https:\/\/saik.pl\/","logo":{"@type":"ImageObject","inLanguage":"en-US","@id":"https:\/\/saik.pl\/#\/schema\/logo\/image\/","url":"https:\/\/saik.pl\/wp-content\/uploads\/2022\/01\/logo-2.png","contentUrl":"https:\/\/saik.pl\/wp-content\/uploads\/2022\/01\/logo-2.png","width":193,"height":50,"caption":"SAIK"},"image":{"@id":"https:\/\/saik.pl\/#\/schema\/logo\/image\/"}}]}},"_links":{"self":[{"href":"https:\/\/saik.pl\/en\/wp-json\/wp\/v2\/pages\/499","targetHints":{"allow":["GET"]}}],"collection":[{"href":"https:\/\/saik.pl\/en\/wp-json\/wp\/v2\/pages"}],"about":[{"href":"https:\/\/saik.pl\/en\/wp-json\/wp\/v2\/types\/page"}],"author":[{"embeddable":true,"href":"https:\/\/saik.pl\/en\/wp-json\/wp\/v2\/users\/7"}],"replies":[{"embeddable":true,"href":"https:\/\/saik.pl\/en\/wp-json\/wp\/v2\/comments?post=499"}],"version-history":[{"count":98,"href":"https:\/\/saik.pl\/en\/wp-json\/wp\/v2\/pages\/499\/revisions"}],"predecessor-version":[{"id":36067,"href":"https:\/\/saik.pl\/en\/wp-json\/wp\/v2\/pages\/499\/revisions\/36067"}],"wp:attachment":[{"href":"https:\/\/saik.pl\/en\/wp-json\/wp\/v2\/media?parent=499"}],"curies":[{"name":"wp","href":"https:\/\/api.w.org\/{rel}","templated":true}]}}